{"id":706,"date":"2024-03-01T11:09:22","date_gmt":"2024-03-01T10:09:22","guid":{"rendered":"https:\/\/conceptplan.pl\/?page_id=706"},"modified":"2024-12-16T17:52:43","modified_gmt":"2024-12-16T16:52:43","slug":"ekspert-doradztwo-analiza-odbiory","status":"publish","type":"page","link":"https:\/\/conceptplan.pl\/index.php\/ekspert-doradztwo-analiza-odbiory\/","title":{"rendered":"ekspert+"},"content":{"rendered":"\n<div class=\"wp-block-columns alignwide is-layout-flex wp-container-core-columns-is-layout-28f84493 wp-block-columns-is-layout-flex\">\n<div class=\"wp-block-column is-layout-flow wp-block-column-is-layout-flow\">\n<h1 class=\"wp-block-heading has-text-align-center has-large-font-size\" style=\"font-style:normal;font-weight:500\">Ekspert+<\/h1>\n\n\n\n<p class=\"has-text-align-center\">Szukasz kompleksowego wsparcia w inwestowaniu w nieruchomo\u015bci i aran\u017cacji wn\u0119trz? Wybierz jeden z pakiet\u00f3w ekspert+. <br>Wybierz pakiet i napisz do nas na <a href=\"&#109;&#x61;i&#108;&#x74;o&#x3a;&#x73;&#116;&#x75;d&#105;&#x6f;&#64;&#99;&#x6f;&#110;&#x63;e&#112;&#x74;p&#108;&#x61;&#110;&#x2e;&#x70;&#108;\">&#115;&#x74;u&#x64;&#x69;&#111;&#x40;c&#111;&#x6e;&#99;&#x65;p&#116;&#x70;l&#x61;n&#46;&#x70;l<\/a>. Zapraszamy!<\/p>\n\n\n\n<div style=\"height:31px\" aria-hidden=\"true\" class=\"wp-block-spacer\"><\/div>\n<\/div>\n<\/div>\n\n\n\n<div class=\"wp-block-columns is-layout-flex wp-container-core-columns-is-layout-2d7698b3 wp-block-columns-is-layout-flex\" style=\"border-radius:0px;padding-right:0;padding-left:0\">\n<div class=\"wp-block-column is-layout-flow wp-block-column-is-layout-flow\" style=\"flex-basis:125px\"><\/div>\n\n\n\n<div class=\"wp-block-column col-oferta has-border-color is-layout-flow wp-container-core-column-is-layout-5c6e0bf9 wp-block-column-is-layout-flow\" style=\"border-color:#8bb6ac;border-width:2px;padding-top:0;padding-right:0;padding-bottom:0;padding-left:0;flex-basis:300px\">\n<figure class=\"wp-block-image aligncenter size-full has-custom-border is-style-default\"><img loading=\"lazy\" decoding=\"async\" width=\"600\" height=\"600\" src=\"https:\/\/conceptplan.pl\/wp-content\/uploads\/2024\/11\/architekt_anna_trzaskowska_konsultacje_inwestycyjne_online_analiza_rzutu_mieszkania_z_klientem.jpg\" alt=\"Architekt Anna Trzaskowska podczas konsultacji inwestycyjnych online analizuje rzut mieszkania z klientem\" class=\"wp-image-3234\" style=\"border-style:none;border-width:0px;border-radius:28px\" srcset=\"https:\/\/conceptplan.pl\/wp-content\/uploads\/2024\/11\/architekt_anna_trzaskowska_konsultacje_inwestycyjne_online_analiza_rzutu_mieszkania_z_klientem.jpg 600w, https:\/\/conceptplan.pl\/wp-content\/uploads\/2024\/11\/architekt_anna_trzaskowska_konsultacje_inwestycyjne_online_analiza_rzutu_mieszkania_z_klientem-300x300.jpg 300w, https:\/\/conceptplan.pl\/wp-content\/uploads\/2024\/11\/architekt_anna_trzaskowska_konsultacje_inwestycyjne_online_analiza_rzutu_mieszkania_z_klientem-150x150.jpg 150w, https:\/\/conceptplan.pl\/wp-content\/uploads\/2024\/11\/architekt_anna_trzaskowska_konsultacje_inwestycyjne_online_analiza_rzutu_mieszkania_z_klientem-500x500.jpg 500w, https:\/\/conceptplan.pl\/wp-content\/uploads\/2024\/11\/architekt_anna_trzaskowska_konsultacje_inwestycyjne_online_analiza_rzutu_mieszkania_z_klientem-400x400.jpg 400w\" sizes=\"auto, (max-width: 600px) 100vw, 600px\" \/><\/figure>\n\n\n\n<h2 class=\"wp-block-heading has-text-align-center\" style=\"margin-top:var(--wp--preset--spacing--20);margin-bottom:0;font-size:clamp(0.875rem, 0.875rem + ((1vw - 0.2rem) * 0.708), 1.3rem);\">ekspert + 1 <br>wsparcie w wyborze mieszkania<\/h2>\n\n\n\n<div class=\"wp-block-columns is-not-stacked-on-mobile is-layout-flex wp-container-core-columns-is-layout-e0e4babd wp-block-columns-is-layout-flex\" style=\"padding-right:0;padding-left:0\">\n<div class=\"wp-block-column is-layout-flow wp-container-core-column-is-layout-77a71d40 wp-block-column-is-layout-flow\" style=\"padding-top:0px;padding-right:0px;padding-bottom:0px;padding-left:0px;flex-basis:23px\"><\/div>\n\n\n\n<div class=\"wp-block-column is-layout-flow wp-block-column-is-layout-flow\" style=\"padding-right:0;padding-left:0;flex-basis:280px\">\n<p>Analizuj\u0119 lokale pod k\u0105tem lokalizacji, mo\u017cliwo\u015bci aran\u017cacyjnych i aspekt\u00f3w technicznych, aby pom\u00f3c Ci wybra\u0107 idealne mieszkanie, kt\u00f3re najlepiej odpowiada Twoim potrzebom.<\/p>\n\n\n\n<div style=\"height:140px\" aria-hidden=\"true\" class=\"wp-block-spacer\"><\/div>\n\n\n\n<div class=\"wp-block-buttons is-content-justification-center is-layout-flex wp-container-core-buttons-is-layout-98935462 wp-block-buttons-is-layout-flex\" style=\"margin-top:var(--wp--preset--spacing--10);margin-bottom:var(--wp--preset--spacing--10);font-style:normal;font-weight:100\">\n<div class=\"wp-block-button has-custom-width wp-block-button__width-100 has-custom-font-size pierwszy_przycisk is-style-outline dowiedz-button is-style-outline--1\" style=\"font-size:clamp(0.875rem, 0.875rem + ((1vw - 0.2rem) * 0.208), 1rem);font-style:normal;font-weight:100;line-height:0.7;text-transform:uppercase\"><a class=\"wp-block-button__link has-contrast-color has-text-color has-link-color has-text-align-center wp-element-button\" href=\"https:\/\/conceptplan.pl\/index.php\/doradztwo-architekta-przy-kupnie-mieszkania\/\" style=\"border-style:none;border-width:0px;border-radius:100px;padding-right:0;padding-left:0\">DOWIEDZ SIE WI\u0118CEJ<span class=\"arrow\">\u2192<\/span><\/a><\/div>\n<\/div>\n<\/div>\n\n\n\n<div class=\"wp-block-column is-layout-flow wp-block-column-is-layout-flow\" style=\"padding-right:0px;padding-left:0px;flex-basis:23px\"><\/div>\n<\/div>\n<\/div>\n\n\n\n<div class=\"wp-block-column is-layout-flow wp-block-column-is-layout-flow\" style=\"flex-basis:60px\"><\/div>\n\n\n\n<div class=\"wp-block-column col-oferta has-border-color is-layout-flow wp-block-column-is-layout-flow\" style=\"border-color:#8bb6ac;border-width:2px;padding-top:0;padding-bottom:0;flex-basis:300px\">\n<figure class=\"wp-block-image aligncenter size-full has-custom-border is-style-default\"><img loading=\"lazy\" decoding=\"async\" width=\"600\" height=\"600\" src=\"https:\/\/conceptplan.pl\/wp-content\/uploads\/2024\/11\/architekt_anna_trzaskowska_prezentuje_wzorniki_materialow_podczas_konsultacji.jpg\" alt=\"Architekt Anna Trzaskowska prezentuje klientowi wzorniki materia\u0142\u00f3w podczas konsultacji, siedz\u0105c przy biurku z laptopem i pr\u00f3bkami\" class=\"wp-image-3232\" style=\"border-radius:28px;object-fit:cover\" srcset=\"https:\/\/conceptplan.pl\/wp-content\/uploads\/2024\/11\/architekt_anna_trzaskowska_prezentuje_wzorniki_materialow_podczas_konsultacji.jpg 600w, https:\/\/conceptplan.pl\/wp-content\/uploads\/2024\/11\/architekt_anna_trzaskowska_prezentuje_wzorniki_materialow_podczas_konsultacji-300x300.jpg 300w, https:\/\/conceptplan.pl\/wp-content\/uploads\/2024\/11\/architekt_anna_trzaskowska_prezentuje_wzorniki_materialow_podczas_konsultacji-150x150.jpg 150w, https:\/\/conceptplan.pl\/wp-content\/uploads\/2024\/11\/architekt_anna_trzaskowska_prezentuje_wzorniki_materialow_podczas_konsultacji-500x500.jpg 500w, https:\/\/conceptplan.pl\/wp-content\/uploads\/2024\/11\/architekt_anna_trzaskowska_prezentuje_wzorniki_materialow_podczas_konsultacji-400x400.jpg 400w\" sizes=\"auto, (max-width: 600px) 100vw, 600px\" \/><\/figure>\n\n\n\n<h2 class=\"wp-block-heading has-text-align-center\" style=\"font-size:clamp(0.875rem, 0.875rem + ((1vw - 0.2rem) * 0.708), 1.3rem);\">ekspert + 2<br>wsparcie w aran\u017cacji<br>wn\u0119trz<\/h2>\n\n\n\n<div class=\"wp-block-columns is-not-stacked-on-mobile is-layout-flex wp-container-core-columns-is-layout-ec2e7a44 wp-block-columns-is-layout-flex\" style=\"padding-top:0;padding-bottom:0\">\n<div class=\"wp-block-column is-layout-flow wp-block-column-is-layout-flow\" style=\"flex-basis:23px\"><\/div>\n\n\n\n<div class=\"wp-block-column is-layout-flow wp-block-column-is-layout-flow\" style=\"flex-basis:280px\">\n<p>Je\u015bli masz w\u0105tpliwo\u015bci co do stylu, rozmiaru mebli czy zestawie\u0144 kolorystycznych,<br>ta us\u0142uga jest idealnym rozwi\u0105zaniem, aby podj\u0105\u0107 \u015bwiadome decyzje aran\u017cacyjne.<\/p>\n\n\n\n<div style=\"height:142px\" aria-hidden=\"true\" class=\"wp-block-spacer\"><\/div>\n\n\n\n<div class=\"wp-block-buttons is-content-justification-center is-layout-flex wp-container-core-buttons-is-layout-98935462 wp-block-buttons-is-layout-flex\" style=\"margin-top:var(--wp--preset--spacing--10);margin-bottom:var(--wp--preset--spacing--10);font-style:normal;font-weight:100\">\n<div class=\"wp-block-button has-custom-width wp-block-button__width-100 has-custom-font-size pierwszy_przycisk is-style-outline dowiedz-button is-style-outline--2\" style=\"font-size:clamp(0.875rem, 0.875rem + ((1vw - 0.2rem) * 0.208), 1rem);font-style:normal;font-weight:100;line-height:0.7;text-transform:uppercase\"><a class=\"wp-block-button__link has-contrast-color has-text-color has-link-color has-text-align-center wp-element-button\" href=\"https:\/\/conceptplan.pl\/index.php\/concept-interior\/\" style=\"border-style:none;border-width:0px;border-radius:100px;padding-right:0;padding-left:0\">DOWIEDZ SIE WI\u0118CEJ<span class=\"arrow\">\u2192<\/span><\/a><\/div>\n<\/div>\n<\/div>\n\n\n\n<div class=\"wp-block-column is-layout-flow wp-block-column-is-layout-flow\" style=\"flex-basis:23px\"><\/div>\n<\/div>\n<\/div>\n\n\n\n<div class=\"wp-block-column is-layout-flow wp-block-column-is-layout-flow\" style=\"flex-basis:60px\"><\/div>\n\n\n\n<div class=\"wp-block-column col-oferta has-border-color is-layout-flow wp-block-column-is-layout-flow\" style=\"border-color:#8bb6ac;border-width:2px;flex-basis:300px\">\n<figure class=\"wp-block-image aligncenter size-full has-custom-border\"><img loading=\"lazy\" decoding=\"async\" width=\"400\" height=\"400\" src=\"https:\/\/conceptplan.pl\/wp-content\/uploads\/2024\/10\/projekt-kompleksowy-z-nadzorem-autorskim.jpg\" alt=\"Projekt kompleksowy mieszkania z nadzorem autorskim\" class=\"wp-image-3125\" style=\"border-radius:28px;object-fit:cover\" srcset=\"https:\/\/conceptplan.pl\/wp-content\/uploads\/2024\/10\/projekt-kompleksowy-z-nadzorem-autorskim.jpg 400w, https:\/\/conceptplan.pl\/wp-content\/uploads\/2024\/10\/projekt-kompleksowy-z-nadzorem-autorskim-300x300.jpg 300w, https:\/\/conceptplan.pl\/wp-content\/uploads\/2024\/10\/projekt-kompleksowy-z-nadzorem-autorskim-150x150.jpg 150w\" sizes=\"auto, (max-width: 400px) 100vw, 400px\" \/><\/figure>\n\n\n\n<h2 class=\"wp-block-heading has-text-align-center is-style-default\" style=\"font-size:clamp(0.875rem, 0.875rem + ((1vw - 0.2rem) * 0.708), 1.3rem);\">ekspert + 3<br>mieszkanie pod lup\u0105<br>-odbiory techniczne<\/h2>\n\n\n\n<div class=\"wp-block-columns is-not-stacked-on-mobile is-layout-flex wp-container-core-columns-is-layout-28f84493 wp-block-columns-is-layout-flex\">\n<div class=\"wp-block-column is-layout-flow wp-block-column-is-layout-flow\" style=\"flex-basis:23px\"><\/div>\n\n\n\n<div class=\"wp-block-column is-layout-flow wp-block-column-is-layout-flow\" style=\"flex-basis:280px\">\n<p>Sprawdzam jako\u015b wykonania nieruchomo\u015bci przed jej formalnym przej\u0119ciem. Analizuje zgodno\u015b\u0107 stanu technicznego z umow\u0105 i projektem, oceniam instalacje oraz wyko\u0144czenie, a tak\u017ce szukam ewentualnych usterek, kt\u00f3re deweloper powinien naprawi\u0107 przed przekazaniem kluczy.<\/p>\n\n\n\n<div style=\"height:12px\" aria-hidden=\"true\" class=\"wp-block-spacer\"><\/div>\n\n\n\n<div class=\"wp-block-buttons is-content-justification-center is-layout-flex wp-container-core-buttons-is-layout-98935462 wp-block-buttons-is-layout-flex\" style=\"margin-top:var(--wp--preset--spacing--10);margin-bottom:var(--wp--preset--spacing--10);font-style:normal;font-weight:100\">\n<div class=\"wp-block-button has-custom-width wp-block-button__width-100 has-custom-font-size pierwszy_przycisk is-style-outline dowiedz-button is-style-outline--3\" style=\"font-size:clamp(0.875rem, 0.875rem + ((1vw - 0.2rem) * 0.208), 1rem);font-style:normal;font-weight:100;line-height:0.7;text-transform:uppercase\"><a class=\"wp-block-button__link has-contrast-color has-text-color has-link-color has-text-align-center wp-element-button\" href=\"https:\/\/conceptplan.pl\/index.php\/concept-inspection\/\" style=\"border-style:none;border-width:0px;border-radius:100px;padding-right:0;padding-left:0\">DOWIEDZ SIE WI\u0118CEJ<span class=\"arrow\">\u2192<\/span><\/a><\/div>\n<\/div>\n<\/div>\n\n\n\n<div class=\"wp-block-column is-layout-flow wp-block-column-is-layout-flow\" style=\"flex-basis:23px\"><\/div>\n<\/div>\n<\/div>\n<\/div>\n","protected":false},"excerpt":{"rendered":"<p>Ekspert+ Szukasz kompleksowego wsparcia w inwestowaniu w nieruchomo\u015bci i aran\u017cacji wn\u0119trz? Wybierz jeden z pakiet\u00f3w ekspert+. Wybierz pakiet i napisz do nas na &#115;&#x74;&#117;&#x64;&#105;&#x6f;&#64;&#x63;o&#x6e;c&#101;&#x70;&#116;&#x70;&#108;&#x61;&#110;&#x2e;p&#x6c;. Zapraszamy! ekspert + 1 wsparcie w wyborze mieszkania Analizuj\u0119 lokale pod k\u0105tem lokalizacji, mo\u017cliwo\u015bci aran\u017cacyjnych i aspekt\u00f3w technicznych, aby pom\u00f3c Ci wybra\u0107 idealne mieszkanie, kt\u00f3re najlepiej odpowiada Twoim potrzebom. ekspert + [&hellip;]<\/p>\n","protected":false},"author":1,"featured_media":0,"parent":0,"menu_order":0,"comment_status":"closed","ping_status":"closed","template":"","meta":{"inline_featured_image":false,"_vp_format_video_url":"","_vp_image_focal_point":[],"footnotes":""},"class_list":["post-706","page","type-page","status-publish","hentry"],"yoast_head":"<!-- This site is optimized with the Yoast SEO plugin v27.3 - https:\/\/yoast.com\/product\/yoast-seo-wordpress\/ -->\n<title>ekspert+ - conceptplan<\/title>\n<meta name=\"description\" content=\"Szukasz kompleksowego wsparcia w inwestowaniu w nieruchomo\u015bci i aran\u017cacji wn\u0119trz? Wybierz jeden z pakiet\u00f3w ekspert+. Prowadzimy: konsultacje wn\u0119trzarskie, odbiory techniczne mieszka\u0144, doradztwo i analiza inwestycyjna. Wybierz pakiet i napisz do nas. Zapraszamy!\" \/>\n<meta name=\"robots\" content=\"index, follow, max-snippet:-1, max-image-preview:large, max-video-preview:-1\" \/>\n<link rel=\"canonical\" href=\"https:\/\/conceptplan.pl\/index.php\/ekspert-doradztwo-analiza-odbiory\/\" \/>\n<meta property=\"og:locale\" content=\"pl_PL\" \/>\n<meta property=\"og:type\" content=\"article\" \/>\n<meta property=\"og:title\" content=\"ekspert+ - conceptplan\" \/>\n<meta property=\"og:description\" content=\"Szukasz kompleksowego wsparcia w inwestowaniu w nieruchomo\u015bci i aran\u017cacji wn\u0119trz? Wybierz jeden z pakiet\u00f3w ekspert+. Prowadzimy: konsultacje wn\u0119trzarskie, odbiory techniczne mieszka\u0144, doradztwo i analiza inwestycyjna. Wybierz pakiet i napisz do nas. Zapraszamy!\" \/>\n<meta property=\"og:url\" content=\"https:\/\/conceptplan.pl\/index.php\/ekspert-doradztwo-analiza-odbiory\/\" \/>\n<meta property=\"og:site_name\" content=\"conceptplan\" \/>\n<meta property=\"article:modified_time\" content=\"2024-12-16T16:52:43+00:00\" \/>\n<meta property=\"og:image\" content=\"https:\/\/conceptplan.pl\/wp-content\/uploads\/2024\/11\/architekt_anna_trzaskowska_konsultacje_inwestycyjne_online_analiza_rzutu_mieszkania_z_klientem.jpg\" \/>\n\t<meta property=\"og:image:width\" content=\"600\" \/>\n\t<meta property=\"og:image:height\" content=\"600\" \/>\n\t<meta property=\"og:image:type\" content=\"image\/jpeg\" \/>\n<meta name=\"twitter:card\" content=\"summary_large_image\" \/>\n<meta name=\"twitter:label1\" content=\"Szacowany czas czytania\" \/>\n\t<meta name=\"twitter:data1\" content=\"2 minuty\" \/>\n<script type=\"application\/ld+json\" class=\"yoast-schema-graph\">{\"@context\":\"https:\\\/\\\/schema.org\",\"@graph\":[{\"@type\":\"WebPage\",\"@id\":\"https:\\\/\\\/conceptplan.pl\\\/index.php\\\/ekspert-doradztwo-analiza-odbiory\\\/\",\"url\":\"https:\\\/\\\/conceptplan.pl\\\/index.php\\\/ekspert-doradztwo-analiza-odbiory\\\/\",\"name\":\"ekspert+ - conceptplan\",\"isPartOf\":{\"@id\":\"https:\\\/\\\/conceptplan.pl\\\/#website\"},\"primaryImageOfPage\":{\"@id\":\"https:\\\/\\\/conceptplan.pl\\\/index.php\\\/ekspert-doradztwo-analiza-odbiory\\\/#primaryimage\"},\"image\":{\"@id\":\"https:\\\/\\\/conceptplan.pl\\\/index.php\\\/ekspert-doradztwo-analiza-odbiory\\\/#primaryimage\"},\"thumbnailUrl\":\"https:\\\/\\\/conceptplan.pl\\\/wp-content\\\/uploads\\\/2024\\\/11\\\/architekt_anna_trzaskowska_konsultacje_inwestycyjne_online_analiza_rzutu_mieszkania_z_klientem.jpg\",\"datePublished\":\"2024-03-01T10:09:22+00:00\",\"dateModified\":\"2024-12-16T16:52:43+00:00\",\"description\":\"Szukasz kompleksowego wsparcia w inwestowaniu w nieruchomo\u015bci i aran\u017cacji wn\u0119trz? Wybierz jeden z pakiet\u00f3w ekspert+. Prowadzimy: konsultacje wn\u0119trzarskie, odbiory techniczne mieszka\u0144, doradztwo i analiza inwestycyjna. Wybierz pakiet i napisz do nas. Zapraszamy!\",\"breadcrumb\":{\"@id\":\"https:\\\/\\\/conceptplan.pl\\\/index.php\\\/ekspert-doradztwo-analiza-odbiory\\\/#breadcrumb\"},\"inLanguage\":\"pl-PL\",\"potentialAction\":[{\"@type\":\"ReadAction\",\"target\":[\"https:\\\/\\\/conceptplan.pl\\\/index.php\\\/ekspert-doradztwo-analiza-odbiory\\\/\"]}]},{\"@type\":\"ImageObject\",\"inLanguage\":\"pl-PL\",\"@id\":\"https:\\\/\\\/conceptplan.pl\\\/index.php\\\/ekspert-doradztwo-analiza-odbiory\\\/#primaryimage\",\"url\":\"https:\\\/\\\/conceptplan.pl\\\/wp-content\\\/uploads\\\/2024\\\/11\\\/architekt_anna_trzaskowska_konsultacje_inwestycyjne_online_analiza_rzutu_mieszkania_z_klientem.jpg\",\"contentUrl\":\"https:\\\/\\\/conceptplan.pl\\\/wp-content\\\/uploads\\\/2024\\\/11\\\/architekt_anna_trzaskowska_konsultacje_inwestycyjne_online_analiza_rzutu_mieszkania_z_klientem.jpg\",\"width\":600,\"height\":600,\"caption\":\"Architekt Anna Trzaskowska podczas konsultacji inwestycyjnych online analizuje rzut mieszkania z klientem\"},{\"@type\":\"BreadcrumbList\",\"@id\":\"https:\\\/\\\/conceptplan.pl\\\/index.php\\\/ekspert-doradztwo-analiza-odbiory\\\/#breadcrumb\",\"itemListElement\":[{\"@type\":\"ListItem\",\"position\":1,\"name\":\"Strona g\u0142\u00f3wna\",\"item\":\"https:\\\/\\\/conceptplan.pl\\\/\"},{\"@type\":\"ListItem\",\"position\":2,\"name\":\"ekspert+\"}]},{\"@type\":\"WebSite\",\"@id\":\"https:\\\/\\\/conceptplan.pl\\\/#website\",\"url\":\"https:\\\/\\\/conceptplan.pl\\\/\",\"name\":\"conceptplan\",\"description\":\"Planujemy przestrze\u0144 - kreujemy marzenia.\",\"publisher\":{\"@id\":\"https:\\\/\\\/conceptplan.pl\\\/#\\\/schema\\\/person\\\/8c3122e2e1026a6228e3bcb59a572250\"},\"alternateName\":\"CP\",\"potentialAction\":[{\"@type\":\"SearchAction\",\"target\":{\"@type\":\"EntryPoint\",\"urlTemplate\":\"https:\\\/\\\/conceptplan.pl\\\/?s={search_term_string}\"},\"query-input\":{\"@type\":\"PropertyValueSpecification\",\"valueRequired\":true,\"valueName\":\"search_term_string\"}}],\"inLanguage\":\"pl-PL\"},{\"@type\":[\"Person\",\"Organization\"],\"@id\":\"https:\\\/\\\/conceptplan.pl\\\/#\\\/schema\\\/person\\\/8c3122e2e1026a6228e3bcb59a572250\",\"name\":\"Anna Trz\u0105skowska\",\"image\":{\"@type\":\"ImageObject\",\"inLanguage\":\"pl-PL\",\"@id\":\"https:\\\/\\\/conceptplan.pl\\\/wp-content\\\/uploads\\\/2024\\\/03\\\/portret.png\",\"url\":\"https:\\\/\\\/conceptplan.pl\\\/wp-content\\\/uploads\\\/2024\\\/03\\\/portret.png\",\"contentUrl\":\"https:\\\/\\\/conceptplan.pl\\\/wp-content\\\/uploads\\\/2024\\\/03\\\/portret.png\",\"width\":500,\"height\":500,\"caption\":\"Anna Trz\u0105skowska\"},\"logo\":{\"@id\":\"https:\\\/\\\/conceptplan.pl\\\/wp-content\\\/uploads\\\/2024\\\/03\\\/portret.png\"}}]}<\/script>\n<!-- \/ Yoast SEO plugin. -->","yoast_head_json":{"title":"ekspert+ - conceptplan","description":"Szukasz kompleksowego wsparcia w inwestowaniu w nieruchomo\u015bci i aran\u017cacji wn\u0119trz? Wybierz jeden z pakiet\u00f3w ekspert+. Prowadzimy: konsultacje wn\u0119trzarskie, odbiory techniczne mieszka\u0144, doradztwo i analiza inwestycyjna. Wybierz pakiet i napisz do nas. Zapraszamy!","robots":{"index":"index","follow":"follow","max-snippet":"max-snippet:-1","max-image-preview":"max-image-preview:large","max-video-preview":"max-video-preview:-1"},"canonical":"https:\/\/conceptplan.pl\/index.php\/ekspert-doradztwo-analiza-odbiory\/","og_locale":"pl_PL","og_type":"article","og_title":"ekspert+ - conceptplan","og_description":"Szukasz kompleksowego wsparcia w inwestowaniu w nieruchomo\u015bci i aran\u017cacji wn\u0119trz? Wybierz jeden z pakiet\u00f3w ekspert+. Prowadzimy: konsultacje wn\u0119trzarskie, odbiory techniczne mieszka\u0144, doradztwo i analiza inwestycyjna. Wybierz pakiet i napisz do nas. Zapraszamy!","og_url":"https:\/\/conceptplan.pl\/index.php\/ekspert-doradztwo-analiza-odbiory\/","og_site_name":"conceptplan","article_modified_time":"2024-12-16T16:52:43+00:00","og_image":[{"width":600,"height":600,"url":"https:\/\/conceptplan.pl\/wp-content\/uploads\/2024\/11\/architekt_anna_trzaskowska_konsultacje_inwestycyjne_online_analiza_rzutu_mieszkania_z_klientem.jpg","type":"image\/jpeg"}],"twitter_card":"summary_large_image","twitter_misc":{"Szacowany czas czytania":"2 minuty"},"schema":{"@context":"https:\/\/schema.org","@graph":[{"@type":"WebPage","@id":"https:\/\/conceptplan.pl\/index.php\/ekspert-doradztwo-analiza-odbiory\/","url":"https:\/\/conceptplan.pl\/index.php\/ekspert-doradztwo-analiza-odbiory\/","name":"ekspert+ - conceptplan","isPartOf":{"@id":"https:\/\/conceptplan.pl\/#website"},"primaryImageOfPage":{"@id":"https:\/\/conceptplan.pl\/index.php\/ekspert-doradztwo-analiza-odbiory\/#primaryimage"},"image":{"@id":"https:\/\/conceptplan.pl\/index.php\/ekspert-doradztwo-analiza-odbiory\/#primaryimage"},"thumbnailUrl":"https:\/\/conceptplan.pl\/wp-content\/uploads\/2024\/11\/architekt_anna_trzaskowska_konsultacje_inwestycyjne_online_analiza_rzutu_mieszkania_z_klientem.jpg","datePublished":"2024-03-01T10:09:22+00:00","dateModified":"2024-12-16T16:52:43+00:00","description":"Szukasz kompleksowego wsparcia w inwestowaniu w nieruchomo\u015bci i aran\u017cacji wn\u0119trz? Wybierz jeden z pakiet\u00f3w ekspert+. Prowadzimy: konsultacje wn\u0119trzarskie, odbiory techniczne mieszka\u0144, doradztwo i analiza inwestycyjna. Wybierz pakiet i napisz do nas. Zapraszamy!","breadcrumb":{"@id":"https:\/\/conceptplan.pl\/index.php\/ekspert-doradztwo-analiza-odbiory\/#breadcrumb"},"inLanguage":"pl-PL","potentialAction":[{"@type":"ReadAction","target":["https:\/\/conceptplan.pl\/index.php\/ekspert-doradztwo-analiza-odbiory\/"]}]},{"@type":"ImageObject","inLanguage":"pl-PL","@id":"https:\/\/conceptplan.pl\/index.php\/ekspert-doradztwo-analiza-odbiory\/#primaryimage","url":"https:\/\/conceptplan.pl\/wp-content\/uploads\/2024\/11\/architekt_anna_trzaskowska_konsultacje_inwestycyjne_online_analiza_rzutu_mieszkania_z_klientem.jpg","contentUrl":"https:\/\/conceptplan.pl\/wp-content\/uploads\/2024\/11\/architekt_anna_trzaskowska_konsultacje_inwestycyjne_online_analiza_rzutu_mieszkania_z_klientem.jpg","width":600,"height":600,"caption":"Architekt Anna Trzaskowska podczas konsultacji inwestycyjnych online analizuje rzut mieszkania z klientem"},{"@type":"BreadcrumbList","@id":"https:\/\/conceptplan.pl\/index.php\/ekspert-doradztwo-analiza-odbiory\/#breadcrumb","itemListElement":[{"@type":"ListItem","position":1,"name":"Strona g\u0142\u00f3wna","item":"https:\/\/conceptplan.pl\/"},{"@type":"ListItem","position":2,"name":"ekspert+"}]},{"@type":"WebSite","@id":"https:\/\/conceptplan.pl\/#website","url":"https:\/\/conceptplan.pl\/","name":"conceptplan","description":"Planujemy przestrze\u0144 - kreujemy marzenia.","publisher":{"@id":"https:\/\/conceptplan.pl\/#\/schema\/person\/8c3122e2e1026a6228e3bcb59a572250"},"alternateName":"CP","potentialAction":[{"@type":"SearchAction","target":{"@type":"EntryPoint","urlTemplate":"https:\/\/conceptplan.pl\/?s={search_term_string}"},"query-input":{"@type":"PropertyValueSpecification","valueRequired":true,"valueName":"search_term_string"}}],"inLanguage":"pl-PL"},{"@type":["Person","Organization"],"@id":"https:\/\/conceptplan.pl\/#\/schema\/person\/8c3122e2e1026a6228e3bcb59a572250","name":"Anna Trz\u0105skowska","image":{"@type":"ImageObject","inLanguage":"pl-PL","@id":"https:\/\/conceptplan.pl\/wp-content\/uploads\/2024\/03\/portret.png","url":"https:\/\/conceptplan.pl\/wp-content\/uploads\/2024\/03\/portret.png","contentUrl":"https:\/\/conceptplan.pl\/wp-content\/uploads\/2024\/03\/portret.png","width":500,"height":500,"caption":"Anna Trz\u0105skowska"},"logo":{"@id":"https:\/\/conceptplan.pl\/wp-content\/uploads\/2024\/03\/portret.png"}}]}},"_links":{"self":[{"href":"https:\/\/conceptplan.pl\/index.php\/wp-json\/wp\/v2\/pages\/706","targetHints":{"allow":["GET"]}}],"collection":[{"href":"https:\/\/conceptplan.pl\/index.php\/wp-json\/wp\/v2\/pages"}],"about":[{"href":"https:\/\/conceptplan.pl\/index.php\/wp-json\/wp\/v2\/types\/page"}],"author":[{"embeddable":true,"href":"https:\/\/conceptplan.pl\/index.php\/wp-json\/wp\/v2\/users\/1"}],"replies":[{"embeddable":true,"href":"https:\/\/conceptplan.pl\/index.php\/wp-json\/wp\/v2\/comments?post=706"}],"version-history":[{"count":22,"href":"https:\/\/conceptplan.pl\/index.php\/wp-json\/wp\/v2\/pages\/706\/revisions"}],"predecessor-version":[{"id":3790,"href":"https:\/\/conceptplan.pl\/index.php\/wp-json\/wp\/v2\/pages\/706\/revisions\/3790"}],"wp:attachment":[{"href":"https:\/\/conceptplan.pl\/index.php\/wp-json\/wp\/v2\/media?parent=706"}],"curies":[{"name":"wp","href":"https:\/\/api.w.org\/{rel}","templated":true}]}}