{"id":41,"date":"2024-01-31T14:46:11","date_gmt":"2024-01-31T13:46:11","guid":{"rendered":"https:\/\/conceptplan.pl\/?page_id=41"},"modified":"2025-07-15T14:04:25","modified_gmt":"2025-07-15T12:04:25","slug":"41-2","status":"publish","type":"page","link":"https:\/\/conceptplan.pl\/","title":{"rendered":"Strona g\u0142\u00f3wna"},"content":{"rendered":"\n<div class=\"wp-block-columns alignwide is-layout-flex wp-container-core-columns-is-layout-28f84493 wp-block-columns-is-layout-flex\">\n<div class=\"wp-block-column is-layout-flow wp-block-column-is-layout-flow\">\n<div class=\"wp-block-nk-awb nk-awb alignwide\" style=\"margin-right:0;margin-left:0;padding-right:0;padding-left:0\"><div class=\"nk-awb-wrap\" data-awb-type=\"video\" data-awb-video=\"mp4:https:\/\/conceptplan.pl\/wp-content\/uploads\/2024\/08\/kobieta-przeglada-oferte-conceptplan.mp4\" data-awb-video-always-play=\"true\" data-awb-video-mobile=\"true\"><div class=\"nk-awb-inner\"><\/div><\/div><div class=\"nk-awb-wrap-content has-global-padding is-layout-constrained wp-container-nk-awb-is-layout-e51f1749 wp-block-nk-awb-is-layout-constrained\">\n<div class=\"wp-block-columns is-layout-flex wp-container-core-columns-is-layout-28f84493 wp-block-columns-is-layout-flex\">\n<div class=\"wp-block-column is-layout-flow wp-block-column-is-layout-flow\">\n<div style=\"height:466px\" aria-hidden=\"true\" class=\"wp-block-spacer\"><\/div>\n<\/div>\n<\/div>\n<\/div><\/div>\n\n\n\n<div style=\"height:16px\" aria-hidden=\"true\" class=\"wp-block-spacer\"><\/div>\n\n\n\n<p class=\"has-text-align-center\" style=\"font-size:clamp(1.25rem, 1.25rem + ((1vw - 0.2rem) * 1.25), 2rem);font-style:normal;font-weight:500\"><span class=\"lora-font\">Chcesz kupi\u0107 wymarzone mieszkanie bez stresu?<\/span><\/p>\n\n\n\n<p class=\"has-text-align-center\" style=\"font-size:clamp(1.25rem, 1.25rem + ((1vw - 0.2rem) * 1.25), 2rem);font-style:normal;font-weight:500\"><span class=\"lora-font\">Oferujemy kompleksow\u0105 pomoc \u2013 od wyboru idealnego mieszkania, przez odbi\u00f3r techniczny, po projektowanie wn\u0119trz.<\/span><\/p>\n\n\n\n<p class=\"has-text-align-left\" style=\"font-size:clamp(0.875rem, 0.875rem + ((1vw - 0.2rem) * 0.042), 0.9rem);\">Nasz\u0105 specjalno\u015bci\u0105 jest tworzenie wyj\u0105tkowych klimatycznych przestrzeni, w kt\u00f3rych zrelaksujesz si\u0119 po ci\u0119\u017ckim dniu pracy.<br>Wyr\u00f3\u017cnia nas minimalizm, ciep\u0142o naturalnego drewna, biel oraz subtelne akcenty kolorystyczne. Ka\u017cdy projekt jest starannie przemy\u015blany, aby wszystkie elementy harmonijnie wsp\u00f3\u0142gra\u0142y, tworz\u0105c sp\u00f3jn\u0105, przytuln\u0105 i funkcjonaln\u0105 ca\u0142o\u015b\u0107.<br>Tw\u00f3j komfort i zadowolenie s\u0105 dla nas priorytetem, dlatego projektujemy z my\u015bl\u0105 o Tobie i Twoim stylu \u017cycia.<\/p>\n\n\n\n<div class=\"wp-block-buttons is-content-justification-center is-layout-flex wp-container-core-buttons-is-layout-a89b3969 wp-block-buttons-is-layout-flex\" style=\"font-style:normal;font-weight:100\">\n<div class=\"wp-block-button has-custom-width wp-block-button__width-75 sg-popup-id-403 pierwszy_przycisk is-style-outline wycena-button is-style-outline--1\"><a class=\"wp-block-button__link has-contrast-color has-text-color has-link-color has-text-align-center has-custom-font-size wp-element-button\" href=\"https:\/\/conceptplan.pl\/index.php\/popupbuilder\/wycena\/\" style=\"border-style:none;border-width:0px;border-radius:100px;font-size:clamp(0.875rem, 0.875rem + ((1vw - 0.2rem) * 0.542), 1.2rem);font-style:normal;font-weight:100;line-height:0.7;text-transform:uppercase\" rel=\"\">popro\u015b o wycen\u0119 <span class=\"arrow\">\u2192<\/span><\/a><\/div>\n<\/div>\n<\/div>\n<\/div>\n\n\n\n<div class=\"wp-block-columns alignwide is-layout-flex wp-container-core-columns-is-layout-28f84493 wp-block-columns-is-layout-flex\">\n<div class=\"wp-block-column is-layout-flow wp-block-column-is-layout-flow\" style=\"flex-basis:440px\">\n<div style=\"height:25px\" aria-hidden=\"true\" class=\"wp-block-spacer\"><\/div>\n\n\n\n<h1 class=\"wp-block-heading has-text-align-left\" style=\"font-size:clamp(0.984rem, 0.984rem + ((1vw - 0.2rem) * 0.86), 1.5rem);font-style:normal;font-weight:500\"><span class=\"lora-font\">Chcesz kupi\u0107 wymarzone mieszkanie bez stresu?<\/span><\/h1>\n\n\n\n<div class=\"wp-block-group has-global-padding is-layout-constrained wp-block-group-is-layout-constrained\">\n<div class=\"wp-block-columns is-layout-flex wp-container-core-columns-is-layout-28f84493 wp-block-columns-is-layout-flex\">\n<div class=\"wp-block-column is-layout-flow wp-block-column-is-layout-flow\" style=\"flex-basis:100%\">\n<p><span class=\"lora-font\" style=\"font-size:1.3rem;font-style:normal;font-weight:500\">Oferujemy kompleksow\u0105 pomoc \u2013 <\/span><br><span class=\"lora-font\" style=\"font-size:1.2rem;font-style:normal;font-weight:500\">od wyboru idealnego mieszkania, przez odbi\u00f3r techniczny, po projektowanie wn\u0119trz.<\/span><br><br>Nasz\u0105 specjalno\u015bci\u0105 jest tworzenie wyj\u0105tkowych klimatycznych przestrzeni, w kt\u00f3rych zrelaksujesz si\u0119 po ci\u0119\u017ckim dniu pracy.<br>Wyr\u00f3\u017cnia nas minimalizm, ciep\u0142o naturalnego drewna, biel oraz subtelne akcenty kolorystyczne. Ka\u017cdy projekt jest starannie przemy\u015blany, aby wszystkie elementy harmonijnie wsp\u00f3\u0142gra\u0142y, tworz\u0105c sp\u00f3jn\u0105, przytuln\u0105 i funkcjonaln\u0105 ca\u0142o\u015b\u0107.<br>Tw\u00f3j komfort i zadowolenie s\u0105 dla nas priorytetem, dlatego projektujemy z my\u015bl\u0105 o Tobie i Twoim stylu \u017cycia.<\/p>\n<\/div>\n<\/div>\n<\/div>\n\n\n\n<div class=\"wp-block-buttons is-content-justification-center is-layout-flex wp-container-core-buttons-is-layout-a89b3969 wp-block-buttons-is-layout-flex\" style=\"font-style:normal;font-weight:100\">\n<div class=\"wp-block-button has-custom-width wp-block-button__width-75 sg-popup-id-403 pierwszy_przycisk is-style-outline wycena-button is-style-outline--2\"><a class=\"wp-block-button__link has-contrast-color has-text-color has-link-color has-text-align-center has-custom-font-size wp-element-button\" href=\"https:\/\/conceptplan.pl\/index.php\/popupbuilder\/wycena\/\" style=\"border-style:none;border-width:0px;border-radius:100px;font-size:clamp(0.875rem, 0.875rem + ((1vw - 0.2rem) * 0.542), 1.2rem);font-style:normal;font-weight:100;line-height:0.7;text-transform:uppercase\" rel=\"\">popro\u015b o wycen\u0119 <span class=\"arrow\">\u2192<\/span><\/a><\/div>\n<\/div>\n<\/div>\n\n\n\n<div class=\"wp-block-column is-layout-flow wp-block-column-is-layout-flow\" style=\"flex-basis:840px\">\n<div style=\"height:25px\" aria-hidden=\"true\" class=\"wp-block-spacer\"><\/div>\n\n\n\n<div class=\"wp-block-nk-awb nk-awb alignwide\" style=\"min-height:0px;margin-right:0;margin-left:0;padding-right:0;padding-left:0\"><div class=\"nk-awb-wrap\" data-awb-type=\"video\" data-awb-video=\"mp4:https:\/\/conceptplan.pl\/wp-content\/uploads\/2024\/03\/film_glowna.mp4\" data-awb-video-always-play=\"true\" data-awb-video-mobile=\"false\"><div class=\"nk-awb-inner\"><\/div><\/div><div class=\"nk-awb-wrap-content has-global-padding is-layout-constrained wp-container-nk-awb-is-layout-db1ac3a0 wp-block-nk-awb-is-layout-constrained\">\n<div class=\"wp-block-columns is-layout-flex wp-container-core-columns-is-layout-76136483 wp-block-columns-is-layout-flex\" style=\"margin-top:0;margin-bottom:0;padding-top:0;padding-right:0;padding-bottom:0;padding-left:0\">\n<div class=\"wp-block-column is-layout-flow wp-block-column-is-layout-flow\" style=\"padding-top:0;padding-right:0;padding-bottom:0;padding-left:0;flex-basis:100%\">\n<div style=\"height:425px\" aria-hidden=\"true\" class=\"wp-block-spacer\"><\/div>\n<\/div>\n<\/div>\n<\/div><\/div>\n<\/div>\n<\/div>\n","protected":false},"excerpt":{"rendered":"<p>Chcesz kupi\u0107 wymarzone mieszkanie bez stresu? Oferujemy kompleksow\u0105 pomoc \u2013 od wyboru idealnego mieszkania, przez odbi\u00f3r techniczny, po projektowanie wn\u0119trz. Nasz\u0105 specjalno\u015bci\u0105 jest tworzenie wyj\u0105tkowych klimatycznych przestrzeni, w kt\u00f3rych zrelaksujesz si\u0119 po ci\u0119\u017ckim dniu pracy.Wyr\u00f3\u017cnia nas minimalizm, ciep\u0142o naturalnego drewna, biel oraz subtelne akcenty kolorystyczne. Ka\u017cdy projekt jest starannie przemy\u015blany, aby wszystkie elementy harmonijnie wsp\u00f3\u0142gra\u0142y, [&hellip;]<\/p>\n","protected":false},"author":1,"featured_media":0,"parent":0,"menu_order":0,"comment_status":"closed","ping_status":"closed","template":"page-no-title","meta":{"inline_featured_image":false,"_vp_format_video_url":"","_vp_image_focal_point":[],"footnotes":""},"class_list":["post-41","page","type-page","status-publish","hentry"],"yoast_head":"<!-- This site is optimized with the Yoast SEO plugin v27.3 - https:\/\/yoast.com\/product\/yoast-seo-wordpress\/ -->\n<title>Strona g\u0142\u00f3wna - conceptplan<\/title>\n<meta name=\"robots\" content=\"index, follow, max-snippet:-1, max-image-preview:large, max-video-preview:-1\" \/>\n<link rel=\"canonical\" href=\"https:\/\/conceptplan.pl\/\" \/>\n<meta property=\"og:locale\" content=\"pl_PL\" \/>\n<meta property=\"og:type\" content=\"article\" \/>\n<meta property=\"og:title\" content=\"Strona g\u0142\u00f3wna - conceptplan\" \/>\n<meta property=\"og:description\" content=\"Chcesz kupi\u0107 wymarzone mieszkanie bez stresu? Oferujemy kompleksow\u0105 pomoc \u2013 od wyboru idealnego mieszkania, przez odbi\u00f3r techniczny, po projektowanie wn\u0119trz. Nasz\u0105 specjalno\u015bci\u0105 jest tworzenie wyj\u0105tkowych klimatycznych przestrzeni, w kt\u00f3rych zrelaksujesz si\u0119 po ci\u0119\u017ckim dniu pracy.Wyr\u00f3\u017cnia nas minimalizm, ciep\u0142o naturalnego drewna, biel oraz subtelne akcenty kolorystyczne. Ka\u017cdy projekt jest starannie przemy\u015blany, aby wszystkie elementy harmonijnie wsp\u00f3\u0142gra\u0142y, [&hellip;]\" \/>\n<meta property=\"og:url\" content=\"https:\/\/conceptplan.pl\/\" \/>\n<meta property=\"og:site_name\" content=\"conceptplan\" \/>\n<meta property=\"article:modified_time\" content=\"2025-07-15T12:04:25+00:00\" \/>\n<meta name=\"twitter:card\" content=\"summary_large_image\" \/>\n<meta name=\"twitter:label1\" content=\"Szacowany czas czytania\" \/>\n\t<meta name=\"twitter:data1\" content=\"1 minuta\" \/>\n<script type=\"application\/ld+json\" class=\"yoast-schema-graph\">{\"@context\":\"https:\\\/\\\/schema.org\",\"@graph\":[{\"@type\":\"WebPage\",\"@id\":\"https:\\\/\\\/conceptplan.pl\\\/\",\"url\":\"https:\\\/\\\/conceptplan.pl\\\/\",\"name\":\"Strona g\u0142\u00f3wna - conceptplan\",\"isPartOf\":{\"@id\":\"https:\\\/\\\/conceptplan.pl\\\/#website\"},\"datePublished\":\"2024-01-31T13:46:11+00:00\",\"dateModified\":\"2025-07-15T12:04:25+00:00\",\"breadcrumb\":{\"@id\":\"https:\\\/\\\/conceptplan.pl\\\/#breadcrumb\"},\"inLanguage\":\"pl-PL\",\"potentialAction\":[{\"@type\":\"ReadAction\",\"target\":[\"https:\\\/\\\/conceptplan.pl\\\/\"]}]},{\"@type\":\"BreadcrumbList\",\"@id\":\"https:\\\/\\\/conceptplan.pl\\\/#breadcrumb\",\"itemListElement\":[{\"@type\":\"ListItem\",\"position\":1,\"name\":\"Strona g\u0142\u00f3wna\",\"item\":\"https:\\\/\\\/conceptplan.pl\\\/\"},{\"@type\":\"ListItem\",\"position\":2,\"name\":\"Strona g\u0142\u00f3wna\"}]},{\"@type\":\"WebSite\",\"@id\":\"https:\\\/\\\/conceptplan.pl\\\/#website\",\"url\":\"https:\\\/\\\/conceptplan.pl\\\/\",\"name\":\"conceptplan\",\"description\":\"Planujemy przestrze\u0144 - kreujemy marzenia.\",\"publisher\":{\"@id\":\"https:\\\/\\\/conceptplan.pl\\\/#\\\/schema\\\/person\\\/8c3122e2e1026a6228e3bcb59a572250\"},\"alternateName\":\"CP\",\"potentialAction\":[{\"@type\":\"SearchAction\",\"target\":{\"@type\":\"EntryPoint\",\"urlTemplate\":\"https:\\\/\\\/conceptplan.pl\\\/?s={search_term_string}\"},\"query-input\":{\"@type\":\"PropertyValueSpecification\",\"valueRequired\":true,\"valueName\":\"search_term_string\"}}],\"inLanguage\":\"pl-PL\"},{\"@type\":[\"Person\",\"Organization\"],\"@id\":\"https:\\\/\\\/conceptplan.pl\\\/#\\\/schema\\\/person\\\/8c3122e2e1026a6228e3bcb59a572250\",\"name\":\"Anna Trz\u0105skowska\",\"image\":{\"@type\":\"ImageObject\",\"inLanguage\":\"pl-PL\",\"@id\":\"https:\\\/\\\/conceptplan.pl\\\/wp-content\\\/uploads\\\/2024\\\/03\\\/portret.png\",\"url\":\"https:\\\/\\\/conceptplan.pl\\\/wp-content\\\/uploads\\\/2024\\\/03\\\/portret.png\",\"contentUrl\":\"https:\\\/\\\/conceptplan.pl\\\/wp-content\\\/uploads\\\/2024\\\/03\\\/portret.png\",\"width\":500,\"height\":500,\"caption\":\"Anna Trz\u0105skowska\"},\"logo\":{\"@id\":\"https:\\\/\\\/conceptplan.pl\\\/wp-content\\\/uploads\\\/2024\\\/03\\\/portret.png\"}}]}<\/script>\n<!-- \/ Yoast SEO plugin. -->","yoast_head_json":{"title":"Strona g\u0142\u00f3wna - conceptplan","robots":{"index":"index","follow":"follow","max-snippet":"max-snippet:-1","max-image-preview":"max-image-preview:large","max-video-preview":"max-video-preview:-1"},"canonical":"https:\/\/conceptplan.pl\/","og_locale":"pl_PL","og_type":"article","og_title":"Strona g\u0142\u00f3wna - conceptplan","og_description":"Chcesz kupi\u0107 wymarzone mieszkanie bez stresu? Oferujemy kompleksow\u0105 pomoc \u2013 od wyboru idealnego mieszkania, przez odbi\u00f3r techniczny, po projektowanie wn\u0119trz. Nasz\u0105 specjalno\u015bci\u0105 jest tworzenie wyj\u0105tkowych klimatycznych przestrzeni, w kt\u00f3rych zrelaksujesz si\u0119 po ci\u0119\u017ckim dniu pracy.Wyr\u00f3\u017cnia nas minimalizm, ciep\u0142o naturalnego drewna, biel oraz subtelne akcenty kolorystyczne. Ka\u017cdy projekt jest starannie przemy\u015blany, aby wszystkie elementy harmonijnie wsp\u00f3\u0142gra\u0142y, [&hellip;]","og_url":"https:\/\/conceptplan.pl\/","og_site_name":"conceptplan","article_modified_time":"2025-07-15T12:04:25+00:00","twitter_card":"summary_large_image","twitter_misc":{"Szacowany czas czytania":"1 minuta"},"schema":{"@context":"https:\/\/schema.org","@graph":[{"@type":"WebPage","@id":"https:\/\/conceptplan.pl\/","url":"https:\/\/conceptplan.pl\/","name":"Strona g\u0142\u00f3wna - conceptplan","isPartOf":{"@id":"https:\/\/conceptplan.pl\/#website"},"datePublished":"2024-01-31T13:46:11+00:00","dateModified":"2025-07-15T12:04:25+00:00","breadcrumb":{"@id":"https:\/\/conceptplan.pl\/#breadcrumb"},"inLanguage":"pl-PL","potentialAction":[{"@type":"ReadAction","target":["https:\/\/conceptplan.pl\/"]}]},{"@type":"BreadcrumbList","@id":"https:\/\/conceptplan.pl\/#breadcrumb","itemListElement":[{"@type":"ListItem","position":1,"name":"Strona g\u0142\u00f3wna","item":"https:\/\/conceptplan.pl\/"},{"@type":"ListItem","position":2,"name":"Strona g\u0142\u00f3wna"}]},{"@type":"WebSite","@id":"https:\/\/conceptplan.pl\/#website","url":"https:\/\/conceptplan.pl\/","name":"conceptplan","description":"Planujemy przestrze\u0144 - kreujemy marzenia.","publisher":{"@id":"https:\/\/conceptplan.pl\/#\/schema\/person\/8c3122e2e1026a6228e3bcb59a572250"},"alternateName":"CP","potentialAction":[{"@type":"SearchAction","target":{"@type":"EntryPoint","urlTemplate":"https:\/\/conceptplan.pl\/?s={search_term_string}"},"query-input":{"@type":"PropertyValueSpecification","valueRequired":true,"valueName":"search_term_string"}}],"inLanguage":"pl-PL"},{"@type":["Person","Organization"],"@id":"https:\/\/conceptplan.pl\/#\/schema\/person\/8c3122e2e1026a6228e3bcb59a572250","name":"Anna Trz\u0105skowska","image":{"@type":"ImageObject","inLanguage":"pl-PL","@id":"https:\/\/conceptplan.pl\/wp-content\/uploads\/2024\/03\/portret.png","url":"https:\/\/conceptplan.pl\/wp-content\/uploads\/2024\/03\/portret.png","contentUrl":"https:\/\/conceptplan.pl\/wp-content\/uploads\/2024\/03\/portret.png","width":500,"height":500,"caption":"Anna Trz\u0105skowska"},"logo":{"@id":"https:\/\/conceptplan.pl\/wp-content\/uploads\/2024\/03\/portret.png"}}]}},"_links":{"self":[{"href":"https:\/\/conceptplan.pl\/index.php\/wp-json\/wp\/v2\/pages\/41","targetHints":{"allow":["GET"]}}],"collection":[{"href":"https:\/\/conceptplan.pl\/index.php\/wp-json\/wp\/v2\/pages"}],"about":[{"href":"https:\/\/conceptplan.pl\/index.php\/wp-json\/wp\/v2\/types\/page"}],"author":[{"embeddable":true,"href":"https:\/\/conceptplan.pl\/index.php\/wp-json\/wp\/v2\/users\/1"}],"replies":[{"embeddable":true,"href":"https:\/\/conceptplan.pl\/index.php\/wp-json\/wp\/v2\/comments?post=41"}],"version-history":[{"count":98,"href":"https:\/\/conceptplan.pl\/index.php\/wp-json\/wp\/v2\/pages\/41\/revisions"}],"predecessor-version":[{"id":3890,"href":"https:\/\/conceptplan.pl\/index.php\/wp-json\/wp\/v2\/pages\/41\/revisions\/3890"}],"wp:attachment":[{"href":"https:\/\/conceptplan.pl\/index.php\/wp-json\/wp\/v2\/media?parent=41"}],"curies":[{"name":"wp","href":"https:\/\/api.w.org\/{rel}","templated":true}]}}